{"id":368,"date":"2021-02-27T21:00:44","date_gmt":"2021-02-27T20:00:44","guid":{"rendered":"https:\/\/reiki73.fr\/?page_id=368"},"modified":"2026-04-09T22:03:49","modified_gmt":"2026-04-09T20:03:49","slug":"une-seance-a-distance","status":"publish","type":"page","link":"https:\/\/www.etreetbienetre.fr\/index.php\/une-seance-a-distance\/","title":{"rendered":"Une s\u00e9ance \u00e0 distance"},"content":{"rendered":"\n<h1 class=\"wp-block-heading has-text-align-center mon-titre-zen\"><strong>Votre s\u00e9ance de bien-\u00eatre, o\u00f9 que vous soyez<\/strong><\/h1>\n\n\n\n<div style=\"height:30px\" aria-hidden=\"true\" class=\"wp-block-spacer\"><\/div>\n\n\n\n<p>Le bien-\u00eatre s\u2019invite chez vous. Profitez de la m\u00eame qualit\u00e9 d\u2019harmonisation \u00e9nerg\u00e9tique, o\u00f9 que vous soyez, sans avoir \u00e0 vous d\u00e9placer.<\/p>\n\n\n\n<div style=\"height:30px\" aria-hidden=\"true\" class=\"wp-block-spacer\"><\/div>\n\n\n\n<p id=\"block-31ff8d9a-bfe9-4e20-8467-1066b3069c0b\">Les s\u00e9ances \u00e9nerg\u00e9tiques sont des s\u00e9ances pour lesquelles le patient et le praticien n\u2019ont pas besoin de se trouver dans la m\u00eame pi\u00e8ce. C\u2019est pour cette raison qu\u2019on parle de s\u00e9ances \u00e0 distance. Le praticien, sans \u00eatre dans la m\u00eame pi\u00e8ce que le patient, met \u00e0 sa disposition l\u2019\u00e9nergie dont il a besoin.<\/p>\n\n\n\n<p id=\"block-6838366a-d780-476d-b254-7c4cbc903b83\">Ces s\u00e9ances sont destin\u00e9s aux personnes qui ne vont pas pouvoir se d\u00e9placer. Elles sont aussi conseill\u00e9es chez les enfants qui pourront rester dans leur environnement et profiter, malgr\u00e9 tout, d&rsquo;une harmonisation \u00e0 distance.<\/p>\n\n\n\n<div style=\"height:30px\" aria-hidden=\"true\" class=\"wp-block-spacer\"><\/div>\n\n\n\n<h2 class=\"wp-block-heading\" id=\"block-afced720-5da1-4ae5-86d1-283afa83c580\"><strong>Comment se passe une s\u00e9ance \u00e0 distance ?<\/strong><\/h2>\n\n\n\n<p id=\"block-9e815583-0bd7-4b00-91c4-88637cdf2984\">Tout d&rsquo;abord, nous prenons rendez-vous afin de d\u00e9terminer un moment o\u00f9 vous serez disponible pour recevoir l&rsquo;\u00e9nergie. Au d\u00e9but de la s\u00e9ance, nous \u00e9changeons par t\u00e9l\u00e9phone pour que vous puissiez vous confiez. Ensuite, je fais la s\u00e9ance \u00e0 distance, comme si vous \u00e9tiez pr\u00e8s de moi. Et \u00e0 la fin, je vous rappelle pour faire un petit bilan.<\/p>\n\n\n\n<div style=\"height:30px\" aria-hidden=\"true\" class=\"wp-block-spacer\"><\/div>\n\n\n\n<div class=\"wp-block-buttons is-content-justification-center is-layout-flex wp-container-core-buttons-is-layout-16018d1d wp-block-buttons-is-layout-flex\">\n<div class=\"wp-block-button section-appel-action\"><a class=\"wp-block-button__link has-white-color has-text-color has-background has-link-color wp-element-button\" href=\"https:\/\/emeline-vayr.reservio.com\/\" style=\"background-color:#0a99b4\" target=\"_blank\" rel=\"noreferrer noopener\">Prendre rendez-vous<\/a><\/div>\n<\/div>\n\n\n\n<p id=\"block-7e24208d-2fdc-4cd3-8d56-628d801c8526\"><\/p>\n","protected":false},"excerpt":{"rendered":"<p>Votre s\u00e9ance de bien-\u00eatre, o\u00f9 que vous soyez Le bien-\u00eatre s\u2019invite chez vous. Profitez de la m\u00eame qualit\u00e9 d\u2019harmonisation \u00e9nerg\u00e9tique, o\u00f9 que vous soyez, sans avoir \u00e0 vous d\u00e9placer. Les s\u00e9ances \u00e9nerg\u00e9tiques sont des s\u00e9ances pour lesquelles le patient et le praticien n\u2019ont pas besoin de se trouver dans la m\u00eame pi\u00e8ce. C\u2019est pour cette raison qu\u2019on parle de s\u00e9ances \u00e0 distance. Le praticien, sans \u00eatre dans la m\u00eame pi\u00e8ce que le patient, met \u00e0 &hellip; <\/p>\n","protected":false},"author":1,"featured_media":0,"parent":0,"menu_order":0,"comment_status":"closed","ping_status":"closed","template":"","meta":{"_glsr_average":0,"_glsr_ranking":0,"_glsr_reviews":0,"footnotes":""},"class_list":["post-368","page","type-page","status-publish","hentry"],"_links":{"self":[{"href":"https:\/\/www.etreetbienetre.fr\/index.php\/wp-json\/wp\/v2\/pages\/368","targetHints":{"allow":["GET"]}}],"collection":[{"href":"https:\/\/www.etreetbienetre.fr\/index.php\/wp-json\/wp\/v2\/pages"}],"about":[{"href":"https:\/\/www.etreetbienetre.fr\/index.php\/wp-json\/wp\/v2\/types\/page"}],"author":[{"embeddable":true,"href":"https:\/\/www.etreetbienetre.fr\/index.php\/wp-json\/wp\/v2\/users\/1"}],"replies":[{"embeddable":true,"href":"https:\/\/www.etreetbienetre.fr\/index.php\/wp-json\/wp\/v2\/comments?post=368"}],"version-history":[{"count":11,"href":"https:\/\/www.etreetbienetre.fr\/index.php\/wp-json\/wp\/v2\/pages\/368\/revisions"}],"predecessor-version":[{"id":3188,"href":"https:\/\/www.etreetbienetre.fr\/index.php\/wp-json\/wp\/v2\/pages\/368\/revisions\/3188"}],"wp:attachment":[{"href":"https:\/\/www.etreetbienetre.fr\/index.php\/wp-json\/wp\/v2\/media?parent=368"}],"curies":[{"name":"wp","href":"https:\/\/api.w.org\/{rel}","templated":true}]}}