{"id":2355,"date":"2026-01-21T20:45:40","date_gmt":"2026-01-21T19:45:40","guid":{"rendered":"https:\/\/www.etreetbienetre.fr\/?page_id=2355"},"modified":"2026-04-09T10:42:04","modified_gmt":"2026-04-09T08:42:04","slug":"lenseignement-reiki-karuna","status":"publish","type":"page","link":"https:\/\/www.etreetbienetre.fr\/index.php\/lenseignement-reiki-karuna\/","title":{"rendered":"L&rsquo;enseignement Reiki Karuna\u00ae"},"content":{"rendered":"\n<h2 class=\"wp-block-heading\"><strong>Le Reiki Karuna\u00ae: L&rsquo;\u00e9nergie de la compassion en action<\/strong><\/h2>\n\n\n\n<p>Le Reiki Karuna\u00ae est un syst\u00e8me d\u2019enseignement qui compl\u00e8te merveilleusement le Reiki Usui. C&rsquo;est une \u00e9nergie qui nous aide \u00e0 nous \u00e9veiller \u00e0 la compassion universelle et \u00e0 approfondir notre cheminement personnel.<\/p>\n\n\n\n<p>L\u00e0 o\u00f9 le Reiki Usui apporte une base solide d&rsquo;harmonisation globale, le Reiki Karuna\u00ae agit comme un outil de pr\u00e9cision. Il permet de travailler sur des couches plus profondes de l&rsquo;\u00eatre : les m\u00e9moires cellulaires, les traumatismes inconscients et les n\u0153uds karmiques, tout en restant dans une fr\u00e9quence d&rsquo;une immense douceur.<\/p>\n\n\n\n<p class=\"note-tableau-emeline\">Pour les plus curieux, vous pouvez retrouver l&rsquo;histoire d\u00e9taill\u00e9e et les principes fondamentaux du Reiki en <a href=\"https:\/\/www.etreetbienetre.fr\/index.php\/le-reiki-karuna\/\" target=\"_blank\" rel=\"noreferrer noopener\">cliquant ici<\/a><\/p>\n\n\n\n<div style=\"height:30px\" aria-hidden=\"true\" class=\"wp-block-spacer\"><\/div>\n\n\n\n<div class=\"wp-block-columns are-vertically-aligned-top is-layout-flex wp-container-core-columns-is-layout-9d6595d7 wp-block-columns-is-layout-flex\">\n<div class=\"wp-block-column is-vertically-aligned-top carte-formation-reiki is-layout-flow wp-block-column-is-layout-flow\" style=\"flex-basis:50%\"><div class=\"wp-block-image\">\n<figure class=\"aligncenter size-large is-resized\"><img loading=\"lazy\" decoding=\"async\" width=\"1024\" height=\"512\" src=\"https:\/\/www.etreetbienetre.fr\/wp-content\/uploads\/2026\/01\/rice-terraces-2389023_1280-1024x512.jpg\" alt=\"\" class=\"wp-image-2358\" style=\"width:200px\"\/><\/figure>\n<\/div>\n\n\n<h3 class=\"wp-block-heading has-text-align-center\"><strong>Praticien Karuna\u00ae I &amp; II<\/strong><\/h3>\n\n\n\n<p class=\"has-text-align-center\">Ce niveau est accessible \u00e0 toute personne ayant int\u00e9gr\u00e9 le 3\u00e8me degr\u00e9 de Reiki Usui. Il propose huit symboles puissants qui agissent comme des outils de pr\u00e9cision pour lib\u00e9rer les m\u00e9moires anciennes et les blocages profonds. Cette \u00e9tape permet d&rsquo;affiner vos ressentis et d&rsquo;apporter une dimension de compassion encore plus vaste \u00e0 vos s\u00e9ances.<\/p>\n\n\n\n<div data-wp-context=\"{ &quot;autoclose&quot;: false, &quot;accordionItems&quot;: [] }\" data-wp-interactive=\"core\/accordion\" role=\"group\" class=\"wp-block-accordion is-layout-flow wp-block-accordion-is-layout-flow\">\n<div data-wp-class--is-open=\"state.isOpen\" data-wp-context=\"{ &quot;id&quot;: &quot;accordion-item-1&quot;, &quot;openByDefault&quot;: false }\" data-wp-init=\"callbacks.initAccordionItems\" data-wp-on-window--hashchange=\"callbacks.hashChange\" class=\"wp-block-accordion-item is-layout-flow wp-block-accordion-item-is-layout-flow\">\n<h3 class=\"wp-block-accordion-heading\"><button aria-expanded=\"false\" aria-controls=\"accordion-item-1-panel\" data-wp-bind--aria-expanded=\"state.isOpen\" data-wp-on--click=\"actions.toggle\" data-wp-on--keydown=\"actions.handleKeyDown\" id=\"accordion-item-1\" type=\"button\" class=\"wp-block-accordion-heading__toggle\"><span class=\"wp-block-accordion-heading__toggle-title\">D\u00e9couvrir<\/span><span class=\"wp-block-accordion-heading__toggle-icon\" aria-hidden=\"true\">+<\/span><\/button><\/h3>\n\n\n\n<div inert aria-labelledby=\"accordion-item-1\" data-wp-bind--inert=\"!state.isOpen\" id=\"accordion-item-1-panel\" role=\"region\" class=\"wp-block-accordion-panel is-layout-flow wp-block-accordion-panel-is-layout-flow\">\n<p>Le Reiki Karuna n&rsquo;est pas seulement un compl\u00e9ment, c&rsquo;est une sp\u00e9cialisation. L\u00e0 o\u00f9 le Reiki Usui travaille sur l&rsquo;\u00eatre dans sa globalit\u00e9, les 8 symboles que vous recevrez ici agissent comme des cl\u00e9s de pr\u00e9cision.<\/p>\n\n\n\n<p>Lib\u00e9rez les m\u00e9moires cellulaires et les traumatismes anciens (m\u00eame ceux dont nous n&rsquo;avons pas conscience). Apprenez \u00e0 ancrer vos projets et \u00e0 reprendre votre pouvoir personnel. Travaillez avec l&rsquo;\u00e9nergie de la compassion pour apaiser le mental et les peurs.<\/p>\n\n\n\n<p><strong>Pr\u00e9requis :<\/strong> \u00catre initi\u00e9 au 3\u00e8me degr\u00e9 de Reiki Usui.<\/p>\n\n\n\n<p><strong>Au programme :<\/strong><\/p>\n\n\n\n<ul class=\"wp-block-list\">\n<li>L&rsquo;\u00e9tude et l&rsquo;activation des <strong>8 symboles Praticien<\/strong>.<\/li>\n\n\n\n<li>Le travail sur les m\u00e9moires cellulaires et les vies pass\u00e9es.<\/li>\n\n\n\n<li>La lib\u00e9ration des sch\u00e9mas inconscients et des peurs.<\/li>\n\n\n\n<li>M\u00e9ditation guid\u00e9e pour rencontrer son \u00ab\u00a0ombre\u00a0\u00bb et l&rsquo;harmoniser.<\/li>\n<\/ul>\n<\/div>\n<\/div>\n<\/div>\n<\/div>\n\n\n\n<div class=\"wp-block-column is-vertically-aligned-top carte-formation-reiki is-layout-flow wp-block-column-is-layout-flow\" style=\"flex-basis:50%\"><div class=\"wp-block-image\">\n<figure class=\"aligncenter size-large is-resized\"><img loading=\"lazy\" decoding=\"async\" width=\"1024\" height=\"518\" src=\"https:\/\/www.etreetbienetre.fr\/wp-content\/uploads\/2026\/01\/mount-fuji-8010752_1280-2-1024x518.jpg\" alt=\"\" class=\"wp-image-2357\" style=\"aspect-ratio:1.976953386365326;object-fit:cover;width:200px\"\/><\/figure>\n<\/div>\n\n\n<h3 class=\"wp-block-heading has-text-align-center\"><strong>Ma\u00eetrise Karuna\u00ae<\/strong><\/h3>\n\n\n\n<p class=\"has-text-align-center\">La Ma\u00eetrise s&rsquo;adresse aux Ma\u00eetres Reiki Usui qui souhaitent franchir une nouvelle \u00e9tape dans leur engagement. Ce niveau permet d&rsquo;int\u00e9grer les symboles de Ma\u00eetre Karuna\u00ae et d&rsquo;apprendre \u00e0 transmettre \u00e0 votre tour les initiations de ce syst\u00e8me. C&rsquo;est un approfondissement spirituel tourn\u00e9 vers la transmission de cette \u00e9nergie de douceur.<\/p>\n\n\n\n<div data-wp-context=\"{ &quot;autoclose&quot;: false, &quot;accordionItems&quot;: [] }\" data-wp-interactive=\"core\/accordion\" role=\"group\" class=\"wp-block-accordion is-layout-flow wp-block-accordion-is-layout-flow\">\n<div data-wp-class--is-open=\"state.isOpen\" data-wp-context=\"{ &quot;id&quot;: &quot;accordion-item-2&quot;, &quot;openByDefault&quot;: false }\" data-wp-init=\"callbacks.initAccordionItems\" data-wp-on-window--hashchange=\"callbacks.hashChange\" class=\"wp-block-accordion-item is-layout-flow wp-block-accordion-item-is-layout-flow\">\n<h3 class=\"wp-block-accordion-heading\"><button aria-expanded=\"false\" aria-controls=\"accordion-item-2-panel\" data-wp-bind--aria-expanded=\"state.isOpen\" data-wp-on--click=\"actions.toggle\" data-wp-on--keydown=\"actions.handleKeyDown\" id=\"accordion-item-2\" type=\"button\" class=\"wp-block-accordion-heading__toggle\"><span class=\"wp-block-accordion-heading__toggle-title\">D\u00e9couvrir<\/span><span class=\"wp-block-accordion-heading__toggle-icon\" aria-hidden=\"true\">+<\/span><\/button><\/h3>\n\n\n\n<div inert aria-labelledby=\"accordion-item-2\" data-wp-bind--inert=\"!state.isOpen\" id=\"accordion-item-2-panel\" role=\"region\" class=\"wp-block-accordion-panel is-layout-flow wp-block-accordion-panel-is-layout-flow\">\n<p>Devenir Ma\u00eetre Karuna, c&rsquo;est choisir d&rsquo;incarner et de transmettre la compassion en action. Ce stage est une \u00e9tape de transformation majeure pour votre propre rayonnement.<\/p>\n\n\n\n<p>Montez votre fr\u00e9quence vibratoire \u00e0 un niveau sup\u00e9rieur. Apprenez les protocoles d&rsquo;initiation sp\u00e9cifiques pour guider vos propres \u00e9l\u00e8ves avec les manuels officiels. Un chemin de joie et de s\u00e9r\u00e9nit\u00e9 qui vient enrichir et donner un nouveau souffle \u00e0 votre posture de Ma\u00eetre Enseignant.<\/p>\n\n\n\n<p><strong>Pr\u00e9requis :<\/strong> \u00catre Ma\u00eetre Reiki Usui (enseignant).<\/p>\n\n\n\n<p><strong>Au programme :<\/strong><\/p>\n\n\n\n<ul class=\"wp-block-list\">\n<li>L&rsquo;initiation aux <strong>4 symboles de Ma\u00eetre<\/strong> Karuna\u00ae.<\/li>\n\n\n\n<li>Apprentissage des protocoles d&rsquo;initiation pour tous les niveaux.<\/li>\n\n\n\n<li>Utilisation du souffle et des symboles pour la transmission.<\/li>\n\n\n\n<li>Pratique de l&rsquo;enseignement et \u00e9thique du Ma\u00eetre Karuna\u00ae.<\/li>\n<\/ul>\n<\/div>\n<\/div>\n<\/div>\n<\/div>\n<\/div>\n\n\n\n<div style=\"height:30px\" aria-hidden=\"true\" class=\"wp-block-spacer\"><\/div>\n\n\n\n<h2 class=\"wp-block-heading\"><strong>Tarif de la formation Reiki Karuna\u00ae<\/strong><\/h2>\n\n\n\n<figure class=\"wp-block-table mon-tableau-zen\"><table class=\"has-fixed-layout\"><thead><tr><th class=\"has-text-align-center\" data-align=\"center\"><strong>Niveau<\/strong><\/th><th class=\"has-text-align-center\" data-align=\"center\"><strong>Dur\u00e9e<\/strong><\/th><th class=\"has-text-align-center\" data-align=\"center\"><strong>Tarif particulier TTC<\/strong><\/th><th class=\"has-text-align-center\" data-align=\"center\"><strong>Tarif avec prise en charge TTC<\/strong><\/th><\/tr><\/thead><tbody><tr><td class=\"has-text-align-center\" data-align=\"center\">Praticien I &amp; II<\/td><td class=\"has-text-align-center\" data-align=\"center\">2 jours<\/td><td class=\"has-text-align-center\" data-align=\"center\">330 \u20ac<\/td><td class=\"has-text-align-center\" data-align=\"center\">474 \u20ac<\/td><\/tr><tr><td class=\"has-text-align-center\" data-align=\"center\">Ma\u00eetrise<\/td><td class=\"has-text-align-center\" data-align=\"center\">1 journ\u00e9e bien charg\u00e9e<\/td><td class=\"has-text-align-center\" data-align=\"center\">620 \u20ac<\/td><td class=\"has-text-align-center\" data-align=\"center\">894 \u20ac<\/td><\/tr><\/tbody><\/table><\/figure>\n\n\n\n<p class=\"note-tableau-emeline\"> Quel que soit le niveau choisi, votre stage inclut la remise du <strong>manuel officiel<\/strong> (Praticien ou Ma\u00eetrise) ainsi qu&rsquo;un <strong>certificat officiel<\/strong> reconnu mondialement et enregistr\u00e9 aupr\u00e8s de l&rsquo;ICRT. Ces supports officiels vous garantissent un enseignement conforme aux standards internationaux du Reiki Karuna\u00ae.<\/p>\n\n\n\n<div style=\"height:30px\" aria-hidden=\"true\" class=\"wp-block-spacer\"><\/div>\n\n\n\n<h2 class=\"wp-block-heading\"><strong>Prochaines sessions Reiki Karuna\u00ae<\/strong><\/h2>\n\n\n\n<figure class=\"wp-block-table mon-tableau-zen\"><table class=\"has-fixed-layout\"><thead><tr><th class=\"has-text-align-center\" data-align=\"center\">Formation<\/th><th class=\"has-text-align-center\" data-align=\"center\">Date des stages<\/th><\/tr><\/thead><tbody><tr><td class=\"has-text-align-center\" data-align=\"center\">Praticien I &amp; II<\/td><td class=\"has-text-align-center\" data-align=\"center\">Sur demande<\/td><\/tr><tr><td class=\"has-text-align-center\" data-align=\"center\">Ma\u00eetrise<\/td><td class=\"has-text-align-center\" data-align=\"center\">Sur demande<\/td><\/tr><\/tbody><\/table><\/figure>\n\n\n\n<div style=\"height:30px\" aria-hidden=\"true\" class=\"wp-block-spacer\"><\/div>\n\n\n\n<div class=\"wp-block-group\"><div class=\"wp-block-group__inner-container is-layout-constrained wp-block-group-is-layout-constrained\">\n<h2 class=\"wp-block-heading\"><strong>Demande d&rsquo;information &amp; inscription<\/strong><\/h2>\n\n\n\n<p>Utilisez ce formulaire pour toute demande d&rsquo;inscription ou pour poser vos questions sur les prochaines sessions.<\/p>\n\n\n<div class=\"wpforms-container wpforms-container-full wpforms-block wpforms-block-d67137eb-0489-4cf5-8a95-a9689d7557c7\" id=\"wpforms-2328\"><form id=\"wpforms-form-2328\" class=\"wpforms-validate wpforms-form wpforms-ajax-form\" data-formid=\"2328\" method=\"post\" enctype=\"multipart\/form-data\" action=\"\/index.php\/wp-json\/wp\/v2\/pages\/2355\" data-token=\"eaf814af62f8d94bb968b322369698d9\" data-token-time=\"1777038310\"><noscript class=\"wpforms-error-noscript\">Veuillez activer JavaScript dans votre navigateur pour remplir ce formulaire.<\/noscript><div class=\"wpforms-field-container\"><div id=\"wpforms-2328-field_1-container\" class=\"wpforms-field wpforms-field-name\" data-field-id=\"1\"><label class=\"wpforms-field-label\">Nom <span class=\"wpforms-required-label\">*<\/span><\/label><div class=\"wpforms-field-row wpforms-field-medium\"><div class=\"wpforms-field-row-block wpforms-first wpforms-one-half\"><input type=\"text\" id=\"wpforms-2328-field_1\" class=\"wpforms-field-name-first wpforms-field-required\" name=\"wpforms[fields][1][first]\" required><label for=\"wpforms-2328-field_1\" class=\"wpforms-field-sublabel after\">Pr\u00e9nom<\/label><\/div><div class=\"wpforms-field-row-block wpforms-one-half\"><input type=\"text\" id=\"wpforms-2328-field_1-last\" class=\"wpforms-field-name-last wpforms-field-required\" name=\"wpforms[fields][1][last]\" required><label for=\"wpforms-2328-field_1-last\" class=\"wpforms-field-sublabel after\">Nom<\/label><\/div><\/div><\/div><div id=\"wpforms-2328-field_2-container\" class=\"wpforms-field wpforms-field-email\" data-field-id=\"2\"><label class=\"wpforms-field-label\" for=\"wpforms-2328-field_2\">E-mail <span class=\"wpforms-required-label\">*<\/span><\/label><input type=\"email\" id=\"wpforms-2328-field_2\" class=\"wpforms-field-medium wpforms-field-required\" name=\"wpforms[fields][2]\" spellcheck=\"false\" required><\/div><div id=\"wpforms-2328-field_20-container\" class=\"wpforms-field wpforms-field-checkbox\" data-field-id=\"20\"><label class=\"wpforms-field-label\">Quelle formation vous int\u00e9resse?<\/label><ul id=\"wpforms-2328-field_20\" class=\"wpforms-randomize\"><li class=\"choice-1 depth-1\"><input type=\"checkbox\" id=\"wpforms-2328-field_20_1\" name=\"wpforms[fields][20][]\" value=\"Reiki Usui\"  ><label class=\"wpforms-field-label-inline\" for=\"wpforms-2328-field_20_1\">Reiki Usui<\/label><\/li><li class=\"choice-2 depth-1\"><input type=\"checkbox\" id=\"wpforms-2328-field_20_2\" name=\"wpforms[fields][20][]\" value=\"Reiki Karuna\"  ><label class=\"wpforms-field-label-inline\" for=\"wpforms-2328-field_20_2\">Reiki Karuna<\/label><\/li><li class=\"choice-3 depth-1\"><input type=\"checkbox\" id=\"wpforms-2328-field_20_3\" name=\"wpforms[fields][20][]\" value=\"Initiation au pendule\"  ><label class=\"wpforms-field-label-inline\" for=\"wpforms-2328-field_20_3\">Initiation au pendule<\/label><\/li><li class=\"choice-4 depth-1\"><input type=\"checkbox\" id=\"wpforms-2328-field_20_4\" name=\"wpforms[fields][20][]\" value=\"Gestion du stress\"  ><label class=\"wpforms-field-label-inline\" for=\"wpforms-2328-field_20_4\">Gestion du stress<\/label><\/li><\/ul><\/div><div id=\"wpforms-2328-field_18-container\" class=\"wpforms-field wpforms-field-checkbox\" data-field-id=\"18\"><label class=\"wpforms-field-label\">Quelle est votre demande ? <span class=\"wpforms-required-label\">*<\/span><\/label><ul id=\"wpforms-2328-field_18\" class=\"wpforms-randomize wpforms-field-required\"><li class=\"choice-1 depth-1\"><input type=\"checkbox\" id=\"wpforms-2328-field_18_1\" name=\"wpforms[fields][18][]\" value=\"Je souhaite recevoir le programme d\u00e9taill\u00e9 par mail \ud83d\udce7\" required ><label class=\"wpforms-field-label-inline\" for=\"wpforms-2328-field_18_1\">Je souhaite recevoir le programme d\u00e9taill\u00e9 par mail \ud83d\udce7<\/label><\/li><li class=\"choice-2 depth-1\"><input type=\"checkbox\" id=\"wpforms-2328-field_18_2\" name=\"wpforms[fields][18][]\" value=\"J&#039;ai une question avant de m&#039;inscrire \ud83e\udd14\" required ><label class=\"wpforms-field-label-inline\" for=\"wpforms-2328-field_18_2\">J&rsquo;ai une question avant de m&rsquo;inscrire \ud83e\udd14<\/label><\/li><li class=\"choice-3 depth-1\"><input type=\"checkbox\" id=\"wpforms-2328-field_18_3\" name=\"wpforms[fields][18][]\" value=\"Je souhaite m&#039;inscrire (recevoir le contrat\/CGV) \u2705\" required ><label class=\"wpforms-field-label-inline\" for=\"wpforms-2328-field_18_3\">Je souhaite m&rsquo;inscrire (recevoir le contrat\/CGV) \u2705<\/label><\/li><li class=\"choice-4 depth-1\"><input type=\"checkbox\" id=\"wpforms-2328-field_18_4\" name=\"wpforms[fields][18][]\" value=\"Autre (laissez un message ci-dessous)\" required ><label class=\"wpforms-field-label-inline\" for=\"wpforms-2328-field_18_4\">Autre (laissez un message ci-dessous)<\/label><\/li><\/ul><\/div>\t\t<div id=\"wpforms-2328-field_3-container\"\n\t\t\tclass=\"wpforms-field wpforms-field-text\"\n\t\t\tdata-field-type=\"text\"\n\t\t\tdata-field-id=\"3\"\n\t\t\t>\n\t\t\t<label class=\"wpforms-field-label\" for=\"wpforms-2328-field_3\" >professionnel int\u00e9resse? demande<\/label>\n\t\t\t<input type=\"text\" id=\"wpforms-2328-field_3\" class=\"wpforms-field-medium\" name=\"wpforms[fields][3]\" >\n\t\t<\/div>\n\t\t<div id=\"wpforms-2328-field_19-container\" class=\"wpforms-field wpforms-field-checkbox\" data-field-id=\"19\"><label class=\"wpforms-field-label\">\u00cates-vous un professionnel ? <span class=\"wpforms-required-label\">*<\/span><\/label><ul id=\"wpforms-2328-field_19\" class=\"wpforms-randomize wpforms-field-required\"><li class=\"choice-1 depth-1\"><input type=\"checkbox\" id=\"wpforms-2328-field_19_1\" name=\"wpforms[fields][19][]\" value=\"Oui\" required ><label class=\"wpforms-field-label-inline\" for=\"wpforms-2328-field_19_1\">Oui<\/label><\/li><li class=\"choice-2 depth-1\"><input type=\"checkbox\" id=\"wpforms-2328-field_19_2\" name=\"wpforms[fields][19][]\" value=\"Non\" required ><label class=\"wpforms-field-label-inline\" for=\"wpforms-2328-field_19_2\">Non<\/label><\/li><\/ul><\/div><div id=\"wpforms-2328-field_15-container\" class=\"wpforms-field wpforms-field-textarea\" data-field-id=\"15\"><label class=\"wpforms-field-label\" for=\"wpforms-2328-field_15\">Vous souhaitez laisser un message<\/label><textarea id=\"wpforms-2328-field_15\" class=\"wpforms-field-medium\" name=\"wpforms[fields][15]\" ><\/textarea><\/div><div id=\"wpforms-2328-field_12-container\" class=\"wpforms-field wpforms-field-gdpr-checkbox\" data-field-id=\"12\"><label class=\"wpforms-field-label\">Accord RGPD <span class=\"wpforms-required-label\">*<\/span><\/label><ul id=\"wpforms-2328-field_12\" class=\"wpforms-field-required\"><li class=\"choice-1\"><input type=\"checkbox\" id=\"wpforms-2328-field_12_1\" name=\"wpforms[fields][12][]\" value=\"Je consens \u00e0 ce que ce site stocke mes informations envoy\u00e9es afin qu\u2019ils puissent r\u00e9pondre \u00e0 ma requ\u00eate.\" required ><label class=\"wpforms-field-label-inline\" for=\"wpforms-2328-field_12_1\">Je consens \u00e0 ce que ce site stocke mes informations envoy\u00e9es afin qu\u2019ils puissent r\u00e9pondre \u00e0 ma requ\u00eate.<\/label><\/li><\/ul><\/div><script>\n\t\t\t\t( function() {\n\t\t\t\t\tconst style = document.createElement( 'style' );\n\t\t\t\t\tstyle.appendChild( document.createTextNode( '#wpforms-2328-field_3-container { position: absolute !important; overflow: hidden !important; display: inline !important; height: 1px !important; width: 1px !important; z-index: -1000 !important; padding: 0 !important; } #wpforms-2328-field_3-container input { visibility: hidden; } #wpforms-conversational-form-page #wpforms-2328-field_3-container label { counter-increment: none; }' ) );\n\t\t\t\t\tdocument.head.appendChild( style );\n\t\t\t\t\tdocument.currentScript?.remove();\n\t\t\t\t} )();\n\t\t\t<\/script><\/div><!-- .wpforms-field-container --><div class=\"wpforms-recaptcha-container wpforms-is-recaptcha wpforms-is-recaptcha-type-v2\" ><div class=\"g-recaptcha\" data-sitekey=\"6Lf3J1kgAAAAACRNiFv7ExayVZgLKdjeiWwFjBvb\"><\/div><input type=\"text\" name=\"g-recaptcha-hidden\" class=\"wpforms-recaptcha-hidden\" style=\"position:absolute!important;clip:rect(0,0,0,0)!important;height:1px!important;width:1px!important;border:0!important;overflow:hidden!important;padding:0!important;margin:0!important;\" data-rule-recaptcha=\"1\"><\/div><div class=\"wpforms-submit-container\" ><input type=\"hidden\" name=\"wpforms[id]\" value=\"2328\"><input type=\"hidden\" name=\"page_title\" value=\"\"><input type=\"hidden\" name=\"page_url\" value=\"https:\/\/www.etreetbienetre.fr\/index.php\/wp-json\/wp\/v2\/pages\/2355\"><input type=\"hidden\" name=\"url_referer\" value=\"\"><button type=\"submit\" name=\"wpforms[submit]\" id=\"wpforms-submit-2328\" class=\"wpforms-submit\" data-alt-text=\"Envoi...\" data-submit-text=\"Envoyer\" aria-live=\"assertive\" value=\"wpforms-submit\">Envoyer<\/button><img loading=\"lazy\" decoding=\"async\" src=\"https:\/\/www.etreetbienetre.fr\/wp-content\/plugins\/wpforms-lite\/assets\/images\/submit-spin.svg\" class=\"wpforms-submit-spinner\" style=\"display: none;\" width=\"26\" height=\"26\" alt=\"Chargement en cours\"><\/div><\/form><\/div>  <!-- .wpforms-container --><\/div><\/div>\n","protected":false},"excerpt":{"rendered":"<p>Le Reiki Karuna\u00ae: L&rsquo;\u00e9nergie de la compassion en action Le Reiki Karuna\u00ae est un syst\u00e8me d\u2019enseignement qui compl\u00e8te merveilleusement le Reiki Usui. C&rsquo;est une \u00e9nergie qui nous aide \u00e0 nous \u00e9veiller \u00e0 la compassion universelle et \u00e0 approfondir notre cheminement personnel. L\u00e0 o\u00f9 le Reiki Usui apporte une base solide d&rsquo;harmonisation globale, le Reiki Karuna\u00ae agit comme un outil de pr\u00e9cision. Il permet de travailler sur des couches plus profondes de l&rsquo;\u00eatre : les m\u00e9moires &hellip; <\/p>\n","protected":false},"author":1,"featured_media":0,"parent":0,"menu_order":0,"comment_status":"closed","ping_status":"closed","template":"","meta":{"_glsr_average":0,"_glsr_ranking":0,"_glsr_reviews":0,"footnotes":""},"class_list":["post-2355","page","type-page","status-publish","hentry"],"_links":{"self":[{"href":"https:\/\/www.etreetbienetre.fr\/index.php\/wp-json\/wp\/v2\/pages\/2355","targetHints":{"allow":["GET"]}}],"collection":[{"href":"https:\/\/www.etreetbienetre.fr\/index.php\/wp-json\/wp\/v2\/pages"}],"about":[{"href":"https:\/\/www.etreetbienetre.fr\/index.php\/wp-json\/wp\/v2\/types\/page"}],"author":[{"embeddable":true,"href":"https:\/\/www.etreetbienetre.fr\/index.php\/wp-json\/wp\/v2\/users\/1"}],"replies":[{"embeddable":true,"href":"https:\/\/www.etreetbienetre.fr\/index.php\/wp-json\/wp\/v2\/comments?post=2355"}],"version-history":[{"count":19,"href":"https:\/\/www.etreetbienetre.fr\/index.php\/wp-json\/wp\/v2\/pages\/2355\/revisions"}],"predecessor-version":[{"id":3061,"href":"https:\/\/www.etreetbienetre.fr\/index.php\/wp-json\/wp\/v2\/pages\/2355\/revisions\/3061"}],"wp:attachment":[{"href":"https:\/\/www.etreetbienetre.fr\/index.php\/wp-json\/wp\/v2\/media?parent=2355"}],"curies":[{"name":"wp","href":"https:\/\/api.w.org\/{rel}","templated":true}]}}