{"id":2340,"date":"2026-01-20T10:05:45","date_gmt":"2026-01-20T09:05:45","guid":{"rendered":"https:\/\/www.etreetbienetre.fr\/?page_id=2340"},"modified":"2026-04-09T10:54:01","modified_gmt":"2026-04-09T08:54:01","slug":"le-reiki-karuna","status":"publish","type":"page","link":"https:\/\/www.etreetbienetre.fr\/index.php\/le-reiki-karuna\/","title":{"rendered":"Le Reiki Karuna\u00ae"},"content":{"rendered":"\n<h3 class=\"wp-block-heading\"><strong>Le Reiki Karuna\u00ae : La vibration de la compassion<\/strong><\/h3>\n\n\n\n<p>Le Reiki Karuna\u00ae n&rsquo;est pas un syst\u00e8me concurrent au Reiki Usui, mais une extension profonde et puissante. Si le Reiki Usui est la \u00ab\u00a0fondation\u00a0\u00bb, le Reiki Karuna\u00ae en est \u00ab\u00a0l&rsquo;\u00e9l\u00e9vation\u00a0\u00bb.<\/p>\n\n\n\n<div style=\"height:30px\" aria-hidden=\"true\" class=\"wp-block-spacer\"><\/div>\n\n\n\n<h3 class=\"wp-block-heading\"><strong>L&rsquo;origine du mot Karuna\u00ae<\/strong><\/h3>\n\n\n\n<p>Le terme Karuna<strong>\u00ae<\/strong> vient du sanskrit. Il est utilis\u00e9 dans l&rsquo;hindouisme et le bouddhisme pour d\u00e9signer toute action visant \u00e0 soulager la souffrance d&rsquo;autrui. On le traduit souvent par <strong>\u00ab <\/strong>compassion <strong>\u00bb<\/strong>. D\u00e9velopper le Karuna<strong>\u00ae<\/strong> en soi, c\u2019est s\u2019ouvrir \u00e0 une fr\u00e9quence de gu\u00e9rison plus subtile qui permet de soigner avec le c\u0153ur, dans une acceptation totale de soi et des autres.<\/p>\n\n\n\n<div style=\"height:30px\" aria-hidden=\"true\" class=\"wp-block-spacer\"><\/div>\n\n\n\n<h3 class=\"wp-block-heading\"><strong>Quelle est la diff\u00e9rence avec le Reiki Usui ?<\/strong><\/h3>\n\n\n\n<p>Alors que le Reiki Usui travaille sur l&rsquo;harmonisation globale de l&rsquo;\u00eatre, le Reiki Karuna\u00ae intervient de mani\u00e8re plus cibl\u00e9e. Il utilise des symboles dont les fr\u00e9quences sont plus sp\u00e9cifiques et agissent comme des outils de pr\u00e9cision :<\/p>\n\n\n\n<ul class=\"wp-block-list\">\n<li>Gu\u00e9rison cellulaire : il aide \u00e0 lib\u00e9rer les m\u00e9moires anciennes, les traumatismes enfouis ou les sch\u00e9mas familiaux h\u00e9rit\u00e9s.<\/li>\n\n\n\n<li>Action sur l&rsquo;inconscient : il permet de faire la lumi\u00e8re sur nos \u00ab\u00a0zones d&rsquo;ombre\u00a0\u00bb pour mieux les int\u00e9grer et s&rsquo;en lib\u00e9rer.<\/li>\n\n\n\n<li>Ancrage et R\u00e9alisation : il aide \u00e0 incarner ses projets et sa mission de vie de mani\u00e8re concr\u00e8te.<\/li>\n<\/ul>\n\n\n\n<div style=\"height:30px\" aria-hidden=\"true\" class=\"wp-block-spacer\"><\/div>\n\n\n\n<h3 class=\"wp-block-heading\"><strong>Les bienfaits d&rsquo;une s\u00e9ance de Karuna\u00ae<\/strong><\/h3>\n\n\n\n<p>Recevoir une s\u00e9ance de Reiki Karuna\u00ae, c&rsquo;est s&rsquo;offrir un moment d&rsquo;une grande douceur, souvent d\u00e9crit comme une enveloppe de s\u00e9curit\u00e9. C&rsquo;est id\u00e9al pour :<\/p>\n\n\n\n<ul class=\"wp-block-list\">\n<li>Apaiser les blessures \u00e9motionnelles profondes.<\/li>\n\n\n\n<li>Se lib\u00e9rer des d\u00e9pendances ou des peurs compulsives.<\/li>\n\n\n\n<li>Am\u00e9liorer la clart\u00e9 mentale et la confiance en soi.<\/li>\n\n\n\n<li>Retrouver une paix int\u00e9rieure durable.<\/li>\n<\/ul>\n\n\n\n<p><\/p>\n","protected":false},"excerpt":{"rendered":"<p>Le Reiki Karuna\u00ae : La vibration de la compassion Le Reiki Karuna\u00ae n&rsquo;est pas un syst\u00e8me concurrent au Reiki Usui, mais une extension profonde et puissante. Si le Reiki Usui est la \u00ab\u00a0fondation\u00a0\u00bb, le Reiki Karuna\u00ae en est \u00ab\u00a0l&rsquo;\u00e9l\u00e9vation\u00a0\u00bb. L&rsquo;origine du mot Karuna\u00ae Le terme Karuna\u00ae vient du sanskrit. Il est utilis\u00e9 dans l&rsquo;hindouisme et le bouddhisme pour d\u00e9signer toute action visant \u00e0 soulager la souffrance d&rsquo;autrui. On le traduit souvent par \u00ab compassion \u00bb. &hellip; <\/p>\n","protected":false},"author":1,"featured_media":2347,"parent":0,"menu_order":0,"comment_status":"closed","ping_status":"closed","template":"","meta":{"_glsr_average":0,"_glsr_ranking":0,"_glsr_reviews":0,"footnotes":""},"class_list":["post-2340","page","type-page","status-publish","has-post-thumbnail","hentry"],"_links":{"self":[{"href":"https:\/\/www.etreetbienetre.fr\/index.php\/wp-json\/wp\/v2\/pages\/2340","targetHints":{"allow":["GET"]}}],"collection":[{"href":"https:\/\/www.etreetbienetre.fr\/index.php\/wp-json\/wp\/v2\/pages"}],"about":[{"href":"https:\/\/www.etreetbienetre.fr\/index.php\/wp-json\/wp\/v2\/types\/page"}],"author":[{"embeddable":true,"href":"https:\/\/www.etreetbienetre.fr\/index.php\/wp-json\/wp\/v2\/users\/1"}],"replies":[{"embeddable":true,"href":"https:\/\/www.etreetbienetre.fr\/index.php\/wp-json\/wp\/v2\/comments?post=2340"}],"version-history":[{"count":2,"href":"https:\/\/www.etreetbienetre.fr\/index.php\/wp-json\/wp\/v2\/pages\/2340\/revisions"}],"predecessor-version":[{"id":3062,"href":"https:\/\/www.etreetbienetre.fr\/index.php\/wp-json\/wp\/v2\/pages\/2340\/revisions\/3062"}],"wp:featuredmedia":[{"embeddable":true,"href":"https:\/\/www.etreetbienetre.fr\/index.php\/wp-json\/wp\/v2\/media\/2347"}],"wp:attachment":[{"href":"https:\/\/www.etreetbienetre.fr\/index.php\/wp-json\/wp\/v2\/media?parent=2340"}],"curies":[{"name":"wp","href":"https:\/\/api.w.org\/{rel}","templated":true}]}}