{"id":2030,"date":"2025-05-17T09:23:00","date_gmt":"2025-05-17T07:23:00","guid":{"rendered":"https:\/\/www.etreetbienetre.fr\/?page_id=2030"},"modified":"2026-04-09T22:00:57","modified_gmt":"2026-04-09T20:00:57","slug":"une-seance-pour-les-enfants","status":"publish","type":"page","link":"https:\/\/www.etreetbienetre.fr\/index.php\/une-seance-pour-les-enfants\/","title":{"rendered":"Une s\u00e9ance pour les enfants"},"content":{"rendered":"\n<h1 class=\"wp-block-heading has-text-align-center mon-titre-zen\" style=\"font-style:normal;font-weight:400\">L&rsquo;harmonisation globale au service des enfants<\/h1>\n\n\n\n<div style=\"height:30px\" aria-hidden=\"true\" class=\"wp-block-spacer\"><\/div>\n\n\n\n<h2 class=\"wp-block-heading has-medium-font-size\" style=\"font-style:normal;font-weight:400\">Un accompagnement doux et s\u00e9curisant pour les plus jeunes<\/h2>\n\n\n\n<p style=\"font-style:normal;font-weight:300\">Les enfants, bien que souvent pleins d&rsquo;\u00e9nergie, sont \u00e9galement tr\u00e8s sensibles et peuvent facilement absorber les tensions et le stress de leur environnement. Mon approche d&rsquo;harmonisation globale leur est sp\u00e9cifiquement d\u00e9di\u00e9e pour les aider \u00e0 retrouver leur \u00e9quilibre naturel dans un cadre bienveillant et s\u00e9curisant.<\/p>\n\n\n\n<p style=\"font-style:normal;font-weight:300\">Je travaille avec eux pour que leur \u00e9nergie circule librement, les aidant \u00e0 mieux g\u00e9rer leurs \u00e9motions et \u00e0 s&rsquo;\u00e9panouir.<\/p>\n\n\n\n<div style=\"height:30px\" aria-hidden=\"true\" class=\"wp-block-spacer\"><\/div>\n\n\n\n<h2 class=\"wp-block-heading has-medium-font-size\" style=\"font-style:normal;font-weight:400\">Quand l&rsquo;harmonisation peut-elle les aider ?<\/h2>\n\n\n\n<p style=\"font-style:normal;font-weight:300\">Le soin \u00e9nerg\u00e9tique est particuli\u00e8rement efficace pour soutenir l&rsquo;enfant face \u00e0 des probl\u00e9matiques courantes :<\/p>\n\n\n\n<ul class=\"wp-block-list\">\n<li style=\"font-style:normal;font-weight:300\"><strong>Gestion des \u00e9motions :<\/strong> Col\u00e8re, peurs, anxi\u00e9t\u00e9, ou hypersensibilit\u00e9.<\/li>\n\n\n\n<li style=\"font-style:normal;font-weight:300\"><strong>Aide au sommeil :<\/strong> Difficult\u00e9s \u00e0 s&rsquo;endormir, r\u00e9veils nocturnes ou agitation au coucher.<\/li>\n\n\n\n<li style=\"font-style:normal;font-weight:300\"><strong>Stress et concentration :<\/strong> Difficult\u00e9s de concentration \u00e0 l&rsquo;\u00e9cole, gestion du stress <strong>scolaire<\/strong> ou des changements (d\u00e9m\u00e9nagement, s\u00e9paration).<\/li>\n\n\n\n<li style=\"font-style:normal;font-weight:300\"><strong>Hyperactivit\u00e9 :<\/strong> Soutien \u00e0 la canalisation de l&rsquo;\u00e9nergie et retour au calme.<\/li>\n<\/ul>\n\n\n\n<div style=\"height:30px\" aria-hidden=\"true\" class=\"wp-block-spacer\"><\/div>\n\n\n\n<h2 class=\"wp-block-heading has-medium-font-size\" style=\"font-style:normal;font-weight:400\">Un cadre confidentiel et s\u00e9curisant<\/h2>\n\n\n\n<h3 class=\"wp-block-heading has-medium-font-size\" style=\"font-style:normal;font-weight:400\">La pr\u00e9sence des parents<\/h3>\n\n\n\n<p style=\"font-style:normal;font-weight:300\">La s\u00e9ance d\u00e9bute par un \u00e9change \u00e0 trois o\u00f9 vous m&rsquo;exposez les difficult\u00e9s rencontr\u00e9es par votre enfant. Ensuite, selon son \u00e2ge et son besoin, votre enfant d\u00e9cide librement s&rsquo;il souhaite que vous restiez \u00e0 ses c\u00f4t\u00e9s pendant le soin ou s&rsquo;il pr\u00e9f\u00e8re un temps d&rsquo;accompagnement seul avec moi. Je respecte son choix pour \u00e9tablir une relation de confiance essentielle au travail \u00e9nerg\u00e9tique.<\/p>\n\n\n\n<div style=\"height:30px\" aria-hidden=\"true\" class=\"wp-block-spacer\"><\/div>\n\n\n\n<h3 class=\"wp-block-heading has-medium-font-size\" style=\"font-style:normal;font-weight:400\">Confidentialit\u00e9 et bienveillance<\/h3>\n\n\n\n<p style=\"font-style:normal;font-weight:300\">Si votre enfant choisit de me parler en priv\u00e9, je garantis l&rsquo;enti\u00e8re confidentialit\u00e9 de nos \u00e9changes. Cette confidentialit\u00e9 ne sera lev\u00e9e qu&rsquo;exceptionnellement, si j&rsquo;estime que l&rsquo;int\u00e9grit\u00e9 ou la s\u00e9curit\u00e9 de votre enfant ou d&rsquo;autrui est en danger imminent. Ma priorit\u00e9 est toujours d&rsquo;assurer un environnement s\u00e9curisant et bienveillant.<\/p>\n\n\n\n<div style=\"height:30px\" aria-hidden=\"true\" class=\"wp-block-spacer\"><\/div>\n\n\n\n<h2 class=\"wp-block-heading has-medium-font-size\" style=\"font-style:normal;font-weight:400\">Tarifs<\/h2>\n\n\n\n<figure class=\"wp-block-table mon-tableau-zen\"><table class=\"has-fixed-layout\"><thead><tr><th class=\"has-text-align-center\" data-align=\"center\">Type de S\u00e9ance<\/th><th class=\"has-text-align-center\" data-align=\"center\">Dur\u00e9e<\/th><th class=\"has-text-align-center\" data-align=\"center\">Tarif<\/th><\/tr><\/thead><tbody><tr><td class=\"has-text-align-center\" data-align=\"center\"><strong>Enfant (moins de 12 ans)<\/strong><\/td><td class=\"has-text-align-center\" data-align=\"center\">45 min<\/td><td class=\"has-text-align-center\" data-align=\"center\"><strong>55 \u20ac<\/strong><\/td><\/tr><\/tbody><\/table><\/figure>\n\n\n\n<div style=\"height:18px\" aria-hidden=\"true\" class=\"wp-block-spacer\"><\/div>\n\n\n\n<hr class=\"wp-block-separator has-text-color has-white-color has-alpha-channel-opacity has-white-background-color has-background\"\/>\n\n\n\n<div class=\"wp-block-group mon-cadre-avis\"><div class=\"wp-block-group__inner-container is-layout-constrained wp-block-group-is-layout-constrained\">\n<p>\u00ab&nbsp;J\u2019ai emmen\u00e9 mon fils en f\u00e9vrier et depuis le changement sur sa fa\u00e7on d\u2019\u00eatre a vraiment chang\u00e9. Plus de pipi au lit, un petit gar\u00e7on qui ose exprimer ce qu\u2019il ressent (positif ou n\u00e9gatif). Il reste encore une petite chose \u00e0 lib\u00e9rer mais je conseille Emeline les yeux ferm\u00e9s sans probl\u00e8me.&nbsp;\u00bb<\/p>\n\n\n\n<p><strong>Elodie <\/strong><\/p>\n<\/div><\/div>\n\n\n\n<div style=\"height:30px\" aria-hidden=\"true\" class=\"wp-block-spacer\"><\/div>\n\n\n\n<div class=\"wp-block-buttons is-content-justification-center is-layout-flex wp-container-core-buttons-is-layout-16018d1d wp-block-buttons-is-layout-flex\">\n<div class=\"wp-block-button section-appel-action\"><a class=\"wp-block-button__link has-white-color has-text-color has-background has-link-color wp-element-button\" href=\"https:\/\/emeline-vayr.reservio.com\/\" style=\"background-color:#0097b2\" target=\"_blank\" rel=\"noreferrer noopener\">Prendre rendez-Vous<\/a><\/div>\n<\/div>\n\n\n\n<p><\/p>\n","protected":false},"excerpt":{"rendered":"<p>L&rsquo;harmonisation globale au service des enfants Un accompagnement doux et s\u00e9curisant pour les plus jeunes Les enfants, bien que souvent pleins d&rsquo;\u00e9nergie, sont \u00e9galement tr\u00e8s sensibles et peuvent facilement absorber les tensions et le stress de leur environnement. Mon approche d&rsquo;harmonisation globale leur est sp\u00e9cifiquement d\u00e9di\u00e9e pour les aider \u00e0 retrouver leur \u00e9quilibre naturel dans un cadre bienveillant et s\u00e9curisant. Je travaille avec eux pour que leur \u00e9nergie circule librement, les aidant \u00e0 mieux g\u00e9rer &hellip; <\/p>\n","protected":false},"author":1,"featured_media":0,"parent":0,"menu_order":0,"comment_status":"closed","ping_status":"closed","template":"","meta":{"_glsr_average":0,"_glsr_ranking":0,"_glsr_reviews":0,"footnotes":""},"class_list":["post-2030","page","type-page","status-publish","hentry"],"_links":{"self":[{"href":"https:\/\/www.etreetbienetre.fr\/index.php\/wp-json\/wp\/v2\/pages\/2030","targetHints":{"allow":["GET"]}}],"collection":[{"href":"https:\/\/www.etreetbienetre.fr\/index.php\/wp-json\/wp\/v2\/pages"}],"about":[{"href":"https:\/\/www.etreetbienetre.fr\/index.php\/wp-json\/wp\/v2\/types\/page"}],"author":[{"embeddable":true,"href":"https:\/\/www.etreetbienetre.fr\/index.php\/wp-json\/wp\/v2\/users\/1"}],"replies":[{"embeddable":true,"href":"https:\/\/www.etreetbienetre.fr\/index.php\/wp-json\/wp\/v2\/comments?post=2030"}],"version-history":[{"count":31,"href":"https:\/\/www.etreetbienetre.fr\/index.php\/wp-json\/wp\/v2\/pages\/2030\/revisions"}],"predecessor-version":[{"id":3186,"href":"https:\/\/www.etreetbienetre.fr\/index.php\/wp-json\/wp\/v2\/pages\/2030\/revisions\/3186"}],"wp:attachment":[{"href":"https:\/\/www.etreetbienetre.fr\/index.php\/wp-json\/wp\/v2\/media?parent=2030"}],"curies":[{"name":"wp","href":"https:\/\/api.w.org\/{rel}","templated":true}]}}