{"id":1698,"date":"2024-09-24T15:09:37","date_gmt":"2024-09-24T13:09:37","guid":{"rendered":"https:\/\/reiki73.fr\/?page_id=1698"},"modified":"2024-10-06T17:08:31","modified_gmt":"2024-10-06T15:08:31","slug":"intervention-en-entreprise","status":"publish","type":"page","link":"https:\/\/www.etreetbienetre.fr\/index.php\/intervention-en-entreprise\/","title":{"rendered":"Intervention en entreprise"},"content":{"rendered":"\n<h3 class=\"wp-block-heading\">Informations cl\u00e9s<\/h3>\n\n\n\n<ul class=\"wp-block-list\">\n<li>En France, le co\u00fbt du stress au travail est estim\u00e9 entre 1,9 et 3 milliards d&rsquo;euros par an.<\/li>\n\n\n\n<li>Il touche 4 salari\u00e9s sur 10.<\/li>\n\n\n\n<li>D&rsquo;apr\u00e8s l&rsquo;OMS, la France est le 3\u00e8me pays \u00e0 enregistrer le plus grand nombre de d\u00e9pressions en lien avec le stress.<\/li>\n\n\n\n<li>Le stress au travail est la 1\u00e8re cause d&rsquo;arr\u00eat maladie.<\/li>\n<\/ul>\n\n\n\n<p class=\"has-text-align-center has-white-color has-text-color has-background has-link-color wp-elements-257a1866fe10c84d2bd640eac6c54382\" style=\"background-color:#01a2ae;font-size:22px\">Et si la performance de votre entreprise passait par le bien-\u00eatre de vos collaborateurs?<\/p>\n\n\n\n<p>Dans le cadre de votre politique de pr\u00e9vention et de qualit\u00e9 de vie au travail, je vous propose d&rsquo;intervenir dans votre entreprise <\/p>\n\n\n\n<div class=\"wp-block-media-text is-stacked-on-mobile\" style=\"grid-template-columns:15% auto\"><figure class=\"wp-block-media-text__media\"><img loading=\"lazy\" decoding=\"async\" width=\"600\" height=\"512\" src=\"https:\/\/www.etreetbienetre.fr\/wp-content\/uploads\/2024\/09\/xyjsi1wx.png\" alt=\"\" class=\"wp-image-1743 size-full\" srcset=\"https:\/\/www.etreetbienetre.fr\/wp-content\/uploads\/2024\/09\/xyjsi1wx.png 600w, https:\/\/www.etreetbienetre.fr\/wp-content\/uploads\/2024\/09\/xyjsi1wx-300x256.png 300w\" sizes=\"auto, (max-width: 600px) 100vw, 600px\" \/><\/figure><div class=\"wp-block-media-text__content\">\n<p>Avec la mise en place d&rsquo;ateliers \u00ab\u00a0gestion du stress\u00a0\u00bb en utilisant la luminoth\u00e9rapie associ\u00e9e \u00e0 de la relaxation par la voix.<\/p>\n<\/div><\/div>\n\n\n\n<hr class=\"wp-block-separator has-text-color has-white-color has-alpha-channel-opacity has-white-background-color has-background\"\/>\n\n\n\n<div class=\"wp-block-media-text is-stacked-on-mobile\" style=\"grid-template-columns:15% auto\"><figure class=\"wp-block-media-text__media\"><img loading=\"lazy\" decoding=\"async\" width=\"1024\" height=\"682\" src=\"https:\/\/www.etreetbienetre.fr\/wp-content\/uploads\/2024\/09\/startup-593341_1280-1024x682.jpg\" alt=\"\" class=\"wp-image-1742 size-full\" srcset=\"https:\/\/www.etreetbienetre.fr\/wp-content\/uploads\/2024\/09\/startup-593341_1280-1024x682.jpg 1024w, https:\/\/www.etreetbienetre.fr\/wp-content\/uploads\/2024\/09\/startup-593341_1280-300x200.jpg 300w, https:\/\/www.etreetbienetre.fr\/wp-content\/uploads\/2024\/09\/startup-593341_1280-768x512.jpg 768w, https:\/\/www.etreetbienetre.fr\/wp-content\/uploads\/2024\/09\/startup-593341_1280-450x300.jpg 450w, https:\/\/www.etreetbienetre.fr\/wp-content\/uploads\/2024\/09\/startup-593341_1280.jpg 1280w\" sizes=\"auto, (max-width: 1024px) 100vw, 1024px\" \/><\/figure><div class=\"wp-block-media-text__content\">\n<p>Avec des formations pour apprendre \u00e0 g\u00e9rer le stress par la mise en pratique d&rsquo;exercices de coh\u00e9rence cardiaque.<\/p>\n<\/div><\/div>\n\n\n\n<hr class=\"wp-block-separator has-text-color has-white-color has-alpha-channel-opacity has-white-background-color has-background is-style-dots\"\/>\n\n\n\n<div class=\"wp-block-columns alignwide is-layout-flex wp-container-core-columns-is-layout-829b1d53 wp-block-columns-is-layout-flex\" style=\"margin-bottom:0\">\n<div class=\"wp-block-column has-text-color has-background has-link-color wp-elements-eae74b970b2ae2c75e4313c12c77e540 is-layout-flow wp-block-column-is-layout-flow\" style=\"color:#000000;background-color:#ffe97d;padding-top:2em;padding-right:2em;padding-bottom:2em;padding-left:2em\">\n<p class=\"has-text-align-center has-text-color has-link-color wp-elements-fcaead7988ee638d7e7d86c179446ec7\" style=\"color:#4c4c4d;font-size:30px\"><strong>Atelier                   gestion du stress<\/strong><\/p>\n\n\n\n<div class=\"wp-block-buttons alignfull is-horizontal is-content-justification-center is-layout-flex wp-container-core-buttons-is-layout-499968f5 wp-block-buttons-is-layout-flex\">\n<div class=\"wp-block-button is-style-fill\"><a class=\"wp-block-button__link has-white-background-color has-text-color has-background has-link-color wp-element-button\" href=\"https:\/\/www.etreetbienetre.fr\/index.php\/atelier-en-entreprise\/\" style=\"color:#4c4c4d\" target=\"_blank\" rel=\"noreferrer noopener\">En savoir plus<\/a><\/div>\n<\/div>\n<\/div>\n\n\n\n<div class=\"wp-block-column has-text-color has-background has-link-color wp-elements-5c6011de218bb87bf8a43b1f864857de is-layout-flow wp-block-column-is-layout-flow\" style=\"color:#000000;background-color:#d1d1e1;padding-top:2em;padding-right:2em;padding-bottom:2em;padding-left:2em\">\n<p class=\"has-text-align-center has-text-color has-link-color wp-elements-a5f7ec1e75655838f8dbca8c32e919b5\" style=\"color:#4c4c4d;font-size:30px\"><strong>Formation <\/strong>            <strong>gestion du stress<\/strong><\/p>\n\n\n\n<div class=\"wp-block-buttons alignfull is-horizontal is-content-justification-center is-layout-flex wp-container-core-buttons-is-layout-499968f5 wp-block-buttons-is-layout-flex\">\n<div class=\"wp-block-button\"><a class=\"wp-block-button__link has-white-background-color has-text-color has-background has-link-color wp-element-button\" href=\"https:\/\/www.etreetbienetre.fr\/index.php\/formation-gestion-du-stress-en-entreprise\/\" style=\"color:#4c4c4d\" target=\"_blank\" rel=\"noreferrer noopener\">En savoir plus<\/a><\/div>\n<\/div>\n<\/div>\n<\/div>\n\n\n\n<p><\/p>\n","protected":false},"excerpt":{"rendered":"<p>Informations cl\u00e9s Et si la performance de votre entreprise passait par le bien-\u00eatre de vos collaborateurs? Dans le cadre de votre politique de pr\u00e9vention et de qualit\u00e9 de vie au travail, je vous propose d&rsquo;intervenir dans votre entreprise Avec la mise en place d&rsquo;ateliers \u00ab\u00a0gestion du stress\u00a0\u00bb en utilisant la luminoth\u00e9rapie associ\u00e9e \u00e0 de la relaxation par la voix. Avec des formations pour apprendre \u00e0 g\u00e9rer le stress par la mise en pratique d&rsquo;exercices de &hellip; <\/p>\n","protected":false},"author":1,"featured_media":0,"parent":0,"menu_order":0,"comment_status":"closed","ping_status":"closed","template":"","meta":{"_glsr_average":0,"_glsr_ranking":0,"_glsr_reviews":0,"footnotes":""},"class_list":["post-1698","page","type-page","status-publish","hentry"],"_links":{"self":[{"href":"https:\/\/www.etreetbienetre.fr\/index.php\/wp-json\/wp\/v2\/pages\/1698","targetHints":{"allow":["GET"]}}],"collection":[{"href":"https:\/\/www.etreetbienetre.fr\/index.php\/wp-json\/wp\/v2\/pages"}],"about":[{"href":"https:\/\/www.etreetbienetre.fr\/index.php\/wp-json\/wp\/v2\/types\/page"}],"author":[{"embeddable":true,"href":"https:\/\/www.etreetbienetre.fr\/index.php\/wp-json\/wp\/v2\/users\/1"}],"replies":[{"embeddable":true,"href":"https:\/\/www.etreetbienetre.fr\/index.php\/wp-json\/wp\/v2\/comments?post=1698"}],"version-history":[{"count":16,"href":"https:\/\/www.etreetbienetre.fr\/index.php\/wp-json\/wp\/v2\/pages\/1698\/revisions"}],"predecessor-version":[{"id":1804,"href":"https:\/\/www.etreetbienetre.fr\/index.php\/wp-json\/wp\/v2\/pages\/1698\/revisions\/1804"}],"wp:attachment":[{"href":"https:\/\/www.etreetbienetre.fr\/index.php\/wp-json\/wp\/v2\/media?parent=1698"}],"curies":[{"name":"wp","href":"https:\/\/api.w.org\/{rel}","templated":true}]}}