{"id":1449,"date":"2024-02-05T22:18:12","date_gmt":"2024-02-05T21:18:12","guid":{"rendered":"https:\/\/reiki73.fr\/?page_id=1449"},"modified":"2024-02-05T22:24:20","modified_gmt":"2024-02-05T21:24:20","slug":"la-radiesthesie","status":"publish","type":"page","link":"https:\/\/www.etreetbienetre.fr\/index.php\/la-radiesthesie\/","title":{"rendered":"La radiesth\u00e9sie"},"content":{"rendered":"\n<h2 class=\"wp-block-heading\">Qu&rsquo;est-ce que la radiesth\u00e9sie?<\/h2>\n\n\n\n<p>La&nbsp;radiesth\u00e9sie&nbsp;est une pratique qui utilise diff\u00e9rents outils tels que les&nbsp;pendules&nbsp;et les&nbsp;baguettes&nbsp;pour d\u00e9tecter et mesurer les&nbsp;vibrations \u00e9nerg\u00e9tiques&nbsp;qui \u00e9manent de notre environnement. Elle est bas\u00e9e sur le principe selon lequel tout, dans l&rsquo;univers, est compos\u00e9 d&rsquo;\u00e9nergie vibratoire. La&nbsp;radiesth\u00e9sie&nbsp;est \u00e9galement li\u00e9e \u00e0 d&rsquo;autres disciplines telles que la&nbsp;g\u00e9obiologie, le&nbsp;magn\u00e9tisme&nbsp;et la&nbsp;divination. Elle permet de percevoir les&nbsp;ondes \u00e9lectromagn\u00e9tiques et magn\u00e9tiques \u00e9mises par les diff\u00e9rents \u00e9l\u00e9ments qui nous entourent, tels que les&nbsp;courants cosmo-telluriques,&nbsp;les veines&nbsp;d&rsquo;eau&nbsp;souterraines, et m\u00eame les radiations&nbsp;\u00e9mises&nbsp;par certains mat\u00e9riaux ou objets.<\/p>\n\n\n\n<p>Le mot \u00ab&nbsp;radiesth\u00e9sie&nbsp;\u00bb a \u00e9t\u00e9 invent\u00e9 par l\u2019abb\u00e9 Bouly. Le mot \u00ab&nbsp;radiesth\u00e9sie&nbsp;\u00bb est compos\u00e9 du latin \u00ab&nbsp;<em>radius&nbsp;\u00bb<\/em> qui veut dire \u00ab&nbsp;baguette&nbsp;\u00bb, \u00ab&nbsp;rayon lumineux&nbsp;\u00bb, \u00ab&nbsp;rayon du cercle&nbsp;\u00bb , et du suffixe grec &#8211;<em>esth\u00e9sie<\/em>&nbsp;qui veut dire \u00ab&nbsp;sensation&nbsp;\u00bb, \u00ab&nbsp;perception&nbsp;\u00bb.<\/p>\n\n\n\n<p>Ce terme appara\u00eet lors de&nbsp;la cr\u00e9ation de l\u2019Association fran\u00e7aise et internationale des amis de la radiesth\u00e9sie \u00e0 Lille le 29 d\u00e9cembre 1929.<\/p>\n\n\n\n<p>Lorsqu&rsquo;un&nbsp;radiesth\u00e9siste&nbsp;utilise un&nbsp;pendule, il observe les mouvements de ce dernier, qui peuvent \u00eatre circulaires, verticaux ou horizontaux, en fonction des&nbsp;vibrations&nbsp;capt\u00e9es. Le&nbsp;pendule&nbsp;est un outil tr\u00e8s couramment utilis\u00e9 en&nbsp;radiesth\u00e9sie, car il permet de mesurer avec pr\u00e9cision les&nbsp;taux vibratoires&nbsp;et d&rsquo;obtenir des r\u00e9ponses&nbsp;pr\u00e9cises \u00e0 des questions sp\u00e9cifiques, gr\u00e2ce \u00e0 des mouvements d&rsquo;un&nbsp;pendule divinatoire.<\/p>\n\n\n\n<p>Les&nbsp;baguettes&nbsp;sont \u00e9galement largement utilis\u00e9es en&nbsp;radiesth\u00e9sie. Elles peuvent \u00eatre en m\u00e9tal, comme le&nbsp;laiton, ou en bois, comme le&nbsp;coudrier&nbsp;ou le&nbsp;noisetier. Elles sont utilis\u00e9es pour d\u00e9tecter des \u00e9nergies&nbsp;\u00e9mises&nbsp;par des objets, des lieux ou des personnes. Les&nbsp;baguettes de sourcier&nbsp;sont notamment utilis\u00e9es pour&nbsp;trouver des sources&nbsp;d&rsquo;eau&nbsp;souterraines. Les&nbsp;baguettes&nbsp;de&nbsp;coudrier, quant \u00e0 elles, sont utilis\u00e9es pour d\u00e9tecter des&nbsp;courants telluriques.<\/p>\n\n\n\n<p>Il est important de noter que la&nbsp;radiesth\u00e9sie&nbsp;suscite parfois l&rsquo;incr\u00e9dulit\u00e9 de certains sceptiques, qui la consid\u00e8rent comme une pratique irrationnelle et non-scientifique. Cependant, elle a \u00e9t\u00e9 \u00e9tudi\u00e9e par certains physiciens et chercheurs, qui reconnaissent l&rsquo;existence de certaines&nbsp;\u00e9nergies subtiles&nbsp;et de&nbsp;leurs effets&nbsp;sur&nbsp;notre sant\u00e9&nbsp;et notre environnement.<\/p>\n\n\n\n<p>En conclusion, la\u00a0radiesth\u00e9sie\u00a0est une discipline qui permet de d\u00e9tecter et de mesurer les\u00a0vibrations \u00e9nerg\u00e9tiques\u00a0\u00e9mises\u00a0par les diff\u00e9rents \u00e9l\u00e9ments qui nous entourent. Elle fait appel \u00e0 des outils tels que les\u00a0pendules\u00a0et les\u00a0baguettes. Elle peut \u00eatre utilis\u00e9e dans diff\u00e9rents domaines. Malgr\u00e9 les\u00a0sceptiques, la\u00a0radiesth\u00e9sie\u00a0continue d&rsquo;\u00eatre pratiqu\u00e9e et \u00e9tudi\u00e9e, en qu\u00eate d&rsquo;une meilleure compr\u00e9hension des \u00e9nergies qui nous entourent.<\/p>\n\n\n\n<hr class=\"wp-block-separator has-alpha-channel-opacity is-style-dots\"\/>\n\n\n\n<h2 class=\"wp-block-heading\">Se former au pendule de radiesth\u00e9sie<\/h2>\n\n\n\n<p>Envie de vous servir de la radiesth\u00e9sie, d&rsquo;un pendule mais vous ne savez pas comment faire? Cette formation est faite pour vous!<\/p>\n\n\n\n<p>Au sein du <a href=\"https:\/\/www.etreetbienetre.fr\/index.php\/le-centre-formation\/\" target=\"_blank\" rel=\"noreferrer noopener\">centre de formation \u00ab\u00a0Etre &amp; bien-\u00eatre\u00ae<\/a>\u00ab\u00a0, je vous propose de vous former <a href=\"https:\/\/www.etreetbienetre.fr\/index.php\/formation-au-pendule\/\" target=\"_blank\" rel=\"noreferrer noopener\">au pendule de radiesth\u00e9sie.<\/a><\/p>\n","protected":false},"excerpt":{"rendered":"<p>Qu&rsquo;est-ce que la radiesth\u00e9sie? La&nbsp;radiesth\u00e9sie&nbsp;est une pratique qui utilise diff\u00e9rents outils tels que les&nbsp;pendules&nbsp;et les&nbsp;baguettes&nbsp;pour d\u00e9tecter et mesurer les&nbsp;vibrations \u00e9nerg\u00e9tiques&nbsp;qui \u00e9manent de notre environnement. Elle est bas\u00e9e sur le principe selon lequel tout, dans l&rsquo;univers, est compos\u00e9 d&rsquo;\u00e9nergie vibratoire. La&nbsp;radiesth\u00e9sie&nbsp;est \u00e9galement li\u00e9e \u00e0 d&rsquo;autres disciplines telles que la&nbsp;g\u00e9obiologie, le&nbsp;magn\u00e9tisme&nbsp;et la&nbsp;divination. Elle permet de percevoir les&nbsp;ondes \u00e9lectromagn\u00e9tiques et magn\u00e9tiques \u00e9mises par les diff\u00e9rents \u00e9l\u00e9ments qui nous entourent, tels que les&nbsp;courants cosmo-telluriques,&nbsp;les veines&nbsp;d&rsquo;eau&nbsp;souterraines, et m\u00eame les radiations&nbsp;\u00e9mises&nbsp;par &hellip; <\/p>\n","protected":false},"author":1,"featured_media":0,"parent":0,"menu_order":0,"comment_status":"closed","ping_status":"closed","template":"","meta":{"_glsr_average":0,"_glsr_ranking":0,"_glsr_reviews":0,"footnotes":""},"class_list":["post-1449","page","type-page","status-publish","hentry"],"_links":{"self":[{"href":"https:\/\/www.etreetbienetre.fr\/index.php\/wp-json\/wp\/v2\/pages\/1449","targetHints":{"allow":["GET"]}}],"collection":[{"href":"https:\/\/www.etreetbienetre.fr\/index.php\/wp-json\/wp\/v2\/pages"}],"about":[{"href":"https:\/\/www.etreetbienetre.fr\/index.php\/wp-json\/wp\/v2\/types\/page"}],"author":[{"embeddable":true,"href":"https:\/\/www.etreetbienetre.fr\/index.php\/wp-json\/wp\/v2\/users\/1"}],"replies":[{"embeddable":true,"href":"https:\/\/www.etreetbienetre.fr\/index.php\/wp-json\/wp\/v2\/comments?post=1449"}],"version-history":[{"count":1,"href":"https:\/\/www.etreetbienetre.fr\/index.php\/wp-json\/wp\/v2\/pages\/1449\/revisions"}],"predecessor-version":[{"id":1450,"href":"https:\/\/www.etreetbienetre.fr\/index.php\/wp-json\/wp\/v2\/pages\/1449\/revisions\/1450"}],"wp:attachment":[{"href":"https:\/\/www.etreetbienetre.fr\/index.php\/wp-json\/wp\/v2\/media?parent=1449"}],"curies":[{"name":"wp","href":"https:\/\/api.w.org\/{rel}","templated":true}]}}