{"id":1430,"date":"2024-02-03T22:01:37","date_gmt":"2024-02-03T21:01:37","guid":{"rendered":"https:\/\/reiki73.fr\/?page_id=1430"},"modified":"2026-01-20T10:16:24","modified_gmt":"2026-01-20T09:16:24","slug":"le-reiki","status":"publish","type":"page","link":"https:\/\/www.etreetbienetre.fr\/index.php\/le-reiki\/","title":{"rendered":"Le Reiki Usui"},"content":{"rendered":"\n<p>Vous trouverez sur cette page de quoi r\u00e9pondre \u00e0 votre curiosit\u00e9 si vous ne connaissez pas le Reiki.<\/p>\n\n\n\n<h3 class=\"wp-block-heading\">Qu&rsquo;est-ce que le Reiki Usui ?<\/h3>\n\n\n\n<p>Le&nbsp;Reiki&nbsp;est une m\u00e9thode de&nbsp;gu\u00e9rison \u00e9nerg\u00e9tique&nbsp;qui trouve ses origines au Japon. Cette pratique repose sur l\u2019id\u00e9e que l\u2019\u00e9nergie universelle, appel\u00e9e aussi&nbsp;\u00e9nergie vitale&nbsp;ou&nbsp;\u00e9nergie Reiki, est pr\u00e9sente en tout \u00eatre vivant.<\/p>\n\n\n\n<p>L\u2019objectif du reiki est d\u2019harmoniser&nbsp;et de r\u00e9tablir l\u2019\u00e9quilibre de cette \u00e9nergie dans le&nbsp;corps-physique, le&nbsp;mental, l\u2019\u00e9motionnel&nbsp;et le&nbsp;spirituel. Le terme Reiki&nbsp;se compose de deux mots japonais&nbsp;: rei signifiant&nbsp;esprit dans le sens conscience&nbsp;et ki signifiant&nbsp;\u00e9nergie vitale. Ainsi, le&nbsp;Reiki&nbsp;est la&nbsp;canalisation&nbsp;de cette&nbsp;\u00e9nergie universelle&nbsp;\u00e0 travers les mains d\u2019un&nbsp;praticien&nbsp;initi\u00e9. Cela se fait par une&nbsp;imposition des mains&nbsp;non intrusive sur le corps du&nbsp;receveur.<\/p>\n\n\n\n<h3 class=\"wp-block-heading\">Le Reiki, pourquoi?<\/h3>\n\n\n\n<p>Le reiki favorise la&nbsp;relaxation profonde, la lib\u00e9ration des&nbsp;blocages \u00e9nerg\u00e9tiques, l&rsquo;harmonisation&nbsp;des chakras et la&nbsp;gu\u00e9rison&nbsp;des blessures&nbsp;\u00e9motionnelles. Il permet \u00e9galement de renforcer&nbsp;le syst\u00e8me immunitaire, de&nbsp;r\u00e9\u00e9quilibrer&nbsp;le&nbsp;taux vibratoire&nbsp;et de favoriser l&rsquo;auto-gu\u00e9rison. Cette pratique est bas\u00e9e sur des&nbsp;pr\u00e9ceptes&nbsp;bouddhistes&nbsp;et pr\u00f4ne la&nbsp;compassion, la&nbsp;gratitude, le&nbsp;l\u00e2cher-prise&nbsp;et la&nbsp;paix int\u00e9rieure. Elle offre un moyen d&rsquo;atteindre une profonde&nbsp;s\u00e9r\u00e9nit\u00e9&nbsp;et un&nbsp;mieux-\u00eatre. Le&nbsp;Reiki&nbsp;peut \u00eatre utilis\u00e9 en compl\u00e9ment d&rsquo;un&nbsp;traitement m\u00e9dical&nbsp;conventionnel et peut apporter des bienfaits tant sur le&nbsp;plan physique&nbsp;que psychologique. Il est pratiqu\u00e9 aussi bien en&nbsp;s\u00e9ance individuelle&nbsp;qu&rsquo;en groupe, et peut \u00eatre int\u00e9gr\u00e9 \u00e0 d&rsquo;autres&nbsp;th\u00e9rapies holistiques. Le&nbsp;praticien&nbsp;peut \u00e9galement utiliser des&nbsp;symboles Reiki&nbsp;pour amplifier et diriger l&rsquo;\u00e9nergie. <\/p>\n\n\n\n<p>Il convient de souligner que le&nbsp;Reiki&nbsp;ne remplace pas un&nbsp;traitement m\u00e9dical, mais peut \u00eatre utilis\u00e9 en compl\u00e9ment pour favoriser le bien-\u00eatre et la&nbsp;gu\u00e9rison. De plus, il est important de consulter un&nbsp;praticien Reiki&nbsp;form\u00e9 et comp\u00e9tent, qui respecte les r\u00e8gles et les \u00e9thiques de cette pratique. <\/p>\n\n\n\n<p>En conclusion, le&nbsp;Reiki&nbsp;est une&nbsp;th\u00e9rapie \u00e9nerg\u00e9tique&nbsp;qui permet de canaliser l&rsquo;\u00e9nergie universelle&nbsp;pour favoriser la&nbsp;gu\u00e9rison, l&rsquo;harmonisation&nbsp;et le bien-\u00eatre. Cette pratique repose sur des&nbsp;techniques de m\u00e9ditation, d&rsquo;imposition des mains&nbsp;et de&nbsp;canalisation&nbsp;de l&rsquo;\u00e9nergie, dans le but d&rsquo;accompagner et de soutenir le processus d&rsquo;auto-gu\u00e9rison&nbsp;du&nbsp;receveur.<\/p>\n\n\n\n<div class=\"wp-block-buttons is-content-justification-center is-layout-flex wp-container-core-buttons-is-layout-16018d1d wp-block-buttons-is-layout-flex\"><\/div>\n\n\n\n<hr class=\"wp-block-separator has-alpha-channel-opacity\"\/>\n\n\n\n<h3 class=\"wp-block-heading\">Le manifeste Reiki<\/h3>\n\n\n\n<p>Le Reiki Usui est enseign\u00e9 et pratiqu\u00e9 de plus en plus, dans tout le monde, et se trouve aujourd\u2019hui, plus que jamais, en pleine expansion. Le mot Reiki fait presque partie du langage courant. Malgr\u00e9 cela, il semble qu\u2019il y ait encore des personnes qui ne savent pas ce qu\u2019est le Reiki Usui.<\/p>\n\n\n\n<p>Nous sommes une communaut\u00e9 diversifi\u00e9e de praticiens de Reiki. Malgr\u00e9 cette diversification, nous nous consacrons \u00e0 garder la pratique du Reiki non r\u00e9glement\u00e9e en France et dans le monde afin que les gens puissent pratiquer le Reiki ouvertement et respectueusement, selon leurs pr\u00e9f\u00e9rences, sans qu\u2019une seule perspective ait le contr\u00f4le.<\/p>\n\n\n\n<h3 class=\"wp-block-heading\">La charte Reiki<\/h3>\n\n\n<div class=\"wp-block-image\">\n<figure class=\"aligncenter is-resized\"><a href=\"https:\/\/www.thereikichart.org\/\" target=\"_blank\" rel=\"noreferrer noopener\"><img loading=\"lazy\" decoding=\"async\" width=\"1024\" height=\"878\" src=\"https:\/\/www.etreetbienetre.fr\/wp-content\/uploads\/2022\/03\/Logo-The-Reiki-Chart-1-1024x878.jpg\" alt=\"\" class=\"wp-image-883\" style=\"aspect-ratio:1.1663228214952353;width:154px;height:auto\" srcset=\"https:\/\/www.etreetbienetre.fr\/wp-content\/uploads\/2022\/03\/Logo-The-Reiki-Chart-1-1024x878.jpg 1024w, https:\/\/www.etreetbienetre.fr\/wp-content\/uploads\/2022\/03\/Logo-The-Reiki-Chart-1-600x514.jpg 600w, https:\/\/www.etreetbienetre.fr\/wp-content\/uploads\/2022\/03\/Logo-The-Reiki-Chart-1-300x257.jpg 300w, https:\/\/www.etreetbienetre.fr\/wp-content\/uploads\/2022\/03\/Logo-The-Reiki-Chart-1-768x658.jpg 768w, https:\/\/www.etreetbienetre.fr\/wp-content\/uploads\/2022\/03\/Logo-The-Reiki-Chart-1-70x60.jpg 70w, https:\/\/www.etreetbienetre.fr\/wp-content\/uploads\/2022\/03\/Logo-The-Reiki-Chart-1.jpg 1267w\" sizes=\"auto, (max-width: 1024px) 100vw, 1024px\" \/><\/a><\/figure>\n<\/div>\n\n\n<div class=\"wp-block-buttons is-content-justification-center is-layout-flex wp-container-core-buttons-is-layout-16018d1d wp-block-buttons-is-layout-flex\"><\/div>\n\n\n\n<p><\/p>\n","protected":false},"excerpt":{"rendered":"<p>Vous trouverez sur cette page de quoi r\u00e9pondre \u00e0 votre curiosit\u00e9 si vous ne connaissez pas le Reiki. Qu&rsquo;est-ce que le Reiki Usui ? Le&nbsp;Reiki&nbsp;est une m\u00e9thode de&nbsp;gu\u00e9rison \u00e9nerg\u00e9tique&nbsp;qui trouve ses origines au Japon. Cette pratique repose sur l\u2019id\u00e9e que l\u2019\u00e9nergie universelle, appel\u00e9e aussi&nbsp;\u00e9nergie vitale&nbsp;ou&nbsp;\u00e9nergie Reiki, est pr\u00e9sente en tout \u00eatre vivant. L\u2019objectif du reiki est d\u2019harmoniser&nbsp;et de r\u00e9tablir l\u2019\u00e9quilibre de cette \u00e9nergie dans le&nbsp;corps-physique, le&nbsp;mental, l\u2019\u00e9motionnel&nbsp;et le&nbsp;spirituel. Le terme Reiki&nbsp;se compose de deux mots &hellip; <\/p>\n","protected":false},"author":1,"featured_media":1197,"parent":0,"menu_order":0,"comment_status":"closed","ping_status":"closed","template":"","meta":{"_glsr_average":0,"_glsr_ranking":0,"_glsr_reviews":0,"footnotes":""},"class_list":["post-1430","page","type-page","status-publish","has-post-thumbnail","hentry"],"_links":{"self":[{"href":"https:\/\/www.etreetbienetre.fr\/index.php\/wp-json\/wp\/v2\/pages\/1430","targetHints":{"allow":["GET"]}}],"collection":[{"href":"https:\/\/www.etreetbienetre.fr\/index.php\/wp-json\/wp\/v2\/pages"}],"about":[{"href":"https:\/\/www.etreetbienetre.fr\/index.php\/wp-json\/wp\/v2\/types\/page"}],"author":[{"embeddable":true,"href":"https:\/\/www.etreetbienetre.fr\/index.php\/wp-json\/wp\/v2\/users\/1"}],"replies":[{"embeddable":true,"href":"https:\/\/www.etreetbienetre.fr\/index.php\/wp-json\/wp\/v2\/comments?post=1430"}],"version-history":[{"count":7,"href":"https:\/\/www.etreetbienetre.fr\/index.php\/wp-json\/wp\/v2\/pages\/1430\/revisions"}],"predecessor-version":[{"id":2351,"href":"https:\/\/www.etreetbienetre.fr\/index.php\/wp-json\/wp\/v2\/pages\/1430\/revisions\/2351"}],"wp:featuredmedia":[{"embeddable":true,"href":"https:\/\/www.etreetbienetre.fr\/index.php\/wp-json\/wp\/v2\/media\/1197"}],"wp:attachment":[{"href":"https:\/\/www.etreetbienetre.fr\/index.php\/wp-json\/wp\/v2\/media?parent=1430"}],"curies":[{"name":"wp","href":"https:\/\/api.w.org\/{rel}","templated":true}]}}